{"id":276,"date":"2025-06-20T08:25:49","date_gmt":"2025-06-20T08:25:49","guid":{"rendered":"https:\/\/jardindepatchwork.com\/index.php\/carrito\/"},"modified":"2025-07-09T08:38:26","modified_gmt":"2025-07-09T08:38:26","slug":"carrito","status":"publish","type":"page","link":"https:\/\/jardindepatchwork.com\/index.php\/carrito\/","title":{"rendered":"Carrito"},"content":{"rendered":"\n<div data-block-name=\"woocommerce\/cart\" class=\"wp-block-woocommerce-cart alignwide is-loading\">\n<div data-block-name=\"woocommerce\/filled-cart-block\" class=\"wp-block-woocommerce-filled-cart-block\">\n<div data-block-name=\"woocommerce\/cart-items-block\" class=\"wp-block-woocommerce-cart-items-block\">\n<div data-block-name=\"woocommerce\/cart-line-items-block\" class=\"wp-block-woocommerce-cart-line-items-block\"><\/div>\n\n\n\n<div data-block-name=\"woocommerce\/cart-cross-sells-block\" class=\"wp-block-woocommerce-cart-cross-sells-block\">\n<h2 class=\"wp-block-heading has-large-font-size\">Puede que te interese\u2026<\/h2>\n\n\n\n<div data-block-name=\"woocommerce\/cart-cross-sells-products-block\" class=\"wp-block-woocommerce-cart-cross-sells-products-block\"><\/div>\n<\/div>\n<\/div>\n\n\n\n<div data-block-name=\"woocommerce\/cart-totals-block\" class=\"wp-block-woocommerce-cart-totals-block\">\n<div data-block-name=\"woocommerce\/cart-order-summary-block\" class=\"wp-block-woocommerce-cart-order-summary-block\">\n<div data-block-name=\"woocommerce\/cart-order-summary-heading-block\" class=\"wp-block-woocommerce-cart-order-summary-heading-block\"><\/div><div data-block-name=\"woocommerce\/cart-order-summary-coupon-form-block\" class=\"wp-block-woocommerce-cart-order-summary-coupon-form-block\"><\/div><div data-block-name=\"woocommerce\/cart-order-summary-totals-block\" class=\"wp-block-woocommerce-cart-order-summary-totals-block\">\n<div data-block-name=\"woocommerce\/cart-order-summary-subtotal-block\" class=\"wp-block-woocommerce-cart-order-summary-subtotal-block\"><\/div>\n<div data-block-name=\"woocommerce\/cart-order-summary-discount-block\" class=\"wp-block-woocommerce-cart-order-summary-discount-block\"><\/div>\n<div data-block-name=\"woocommerce\/cart-order-summary-fee-block\" class=\"wp-block-woocommerce-cart-order-summary-fee-block\"><\/div>\n<div data-block-name=\"woocommerce\/cart-order-summary-shipping-block\" class=\"wp-block-woocommerce-cart-order-summary-shipping-block\"><\/div>\n<div data-block-name=\"woocommerce\/cart-order-summary-taxes-block\" class=\"wp-block-woocommerce-cart-order-summary-taxes-block\"><\/div><\/div>\n<\/div>\n\n\n\n<div data-block-name=\"woocommerce-paypal-payments\/cart-paylater-messages\" data-pp-placement=\"cart\" data-pp-style-layout=\"text\" data-pp-style-logo-position=\"\" data-pp-style-logo-type=\"\" data-pp-style-text-color=\"\" data-pp-style-text-size=\"\" id=\"ppcp-cart-paylater-messages\" class=\"ppcp-messages\" data-partner-attribution-id=\"Woo_PPCP\"><\/div><div data-block-name=\"woocommerce\/cart-express-payment-block\" class=\"wp-block-woocommerce-cart-express-payment-block\"><\/div>\n\n\n\n<div data-block-name=\"woocommerce\/proceed-to-checkout-block\" class=\"wp-block-woocommerce-proceed-to-checkout-block\"><\/div>\n\n\n\n<div data-block-name=\"woocommerce\/cart-accepted-payment-methods-block\" class=\"wp-block-woocommerce-cart-accepted-payment-methods-block\"><\/div>\n<\/div>\n<\/div>\n\n\n\n<div data-block-name=\"woocommerce\/empty-cart-block\" class=\"wp-block-woocommerce-empty-cart-block\">\n<h2 class=\"wp-block-heading has-text-align-center with-empty-cart-icon wc-block-cart__empty-cart__title\">\u00a1Tu carrito est\u00e1 actualmente vac\u00edo!<\/h2>\n\n\n\n<hr class=\"wp-block-separator has-alpha-channel-opacity is-style-dots\"\/>\n\n\n\n<h2 class=\"wp-block-heading has-text-align-center\">Nuevo en la tienda<\/h2>\n\n\n<div data-block-name=\"woocommerce\/product-new\" data-columns=\"4\" data-rows=\"1\" class=\"wc-block-grid wp-block-product-new wp-block-woocommerce-product-new wc-block-product-new has-4-columns\"><ul class=\"wc-block-grid__products\"><li class=\"wc-block-grid__product\">\n\t\t\t\t<a href=\"https:\/\/jardindepatchwork.com\/index.php\/producto\/dedal-goma\/\" class=\"wc-block-grid__product-link\">\n\t\t\t\t\t\n\t\t\t\t\t<div class=\"wc-block-grid__product-image\"><img loading=\"lazy\" decoding=\"async\" width=\"800\" height=\"800\" src=\"https:\/\/jardindepatchwork.com\/wp-content\/uploads\/woocommerce-placeholder.png\" class=\"woocommerce-placeholder wp-post-image\" alt=\"Dedal goma\" srcset=\"https:\/\/jardindepatchwork.com\/wp-content\/uploads\/woocommerce-placeholder.png 1200w, https:\/\/jardindepatchwork.com\/wp-content\/uploads\/woocommerce-placeholder-500x500.png 500w, https:\/\/jardindepatchwork.com\/wp-content\/uploads\/woocommerce-placeholder-300x300.png 300w, https:\/\/jardindepatchwork.com\/wp-content\/uploads\/woocommerce-placeholder-768x768.png 768w, https:\/\/jardindepatchwork.com\/wp-content\/uploads\/woocommerce-placeholder-150x150.png 150w, https:\/\/jardindepatchwork.com\/wp-content\/uploads\/woocommerce-placeholder-75x75.png 75w, https:\/\/jardindepatchwork.com\/wp-content\/uploads\/woocommerce-placeholder-480x480.png 480w\" sizes=\"auto, (max-width:767px) 480px, (max-width:800px) 100vw, 800px\" \/><\/div>\n\t\t\t\t\t<div class=\"wc-block-grid__product-title\">Dedal goma<\/div>\n\t\t\t\t<\/a>\n\t\t\t\t<div class=\"wc-block-grid__product-price price\"><span class=\"woocommerce-Price-amount amount\">1,50&nbsp;<span class=\"woocommerce-Price-currencySymbol\">&euro;<\/span><\/span><\/div>\n\t\t\t\t\n\t\t\t\t<div class=\"wp-block-button wc-block-grid__product-add-to-cart\"><a href=\"https:\/\/jardindepatchwork.com\/index.php\/producto\/dedal-goma\/\" aria-label=\"Elige las opciones para &ldquo;Dedal goma&rdquo;\" data-quantity=\"1\" data-product_id=\"359\" data-product_sku=\"\" data-price=\"1.5\" rel=\"nofollow\" class=\"wp-block-button__link  add_to_cart_button\">Seleccionar opciones<\/a><\/div>\n\t\t\t<\/li><li class=\"wc-block-grid__product\">\n\t\t\t\t<a href=\"https:\/\/jardindepatchwork.com\/index.php\/producto\/dedal-de-goma-flexible\/\" class=\"wc-block-grid__product-link\">\n\t\t\t\t\t\n\t\t\t\t\t<div class=\"wc-block-grid__product-image\"><img loading=\"lazy\" decoding=\"async\" width=\"800\" height=\"800\" src=\"https:\/\/jardindepatchwork.com\/wp-content\/uploads\/2025\/07\/IMG20250618195333-scaled-e1752051284244-800x800.jpg\" class=\"attachment-woocommerce_thumbnail size-woocommerce_thumbnail\" alt=\"Dedal de goma flexible\" srcset=\"https:\/\/jardindepatchwork.com\/wp-content\/uploads\/2025\/07\/IMG20250618195333-scaled-e1752051284244-800x800.jpg 800w, https:\/\/jardindepatchwork.com\/wp-content\/uploads\/2025\/07\/IMG20250618195333-scaled-e1752051284244-150x150.jpg 150w, https:\/\/jardindepatchwork.com\/wp-content\/uploads\/2025\/07\/IMG20250618195333-scaled-e1752051284244-300x300.jpg 300w\" sizes=\"auto, (max-width:767px) 480px, (max-width:800px) 100vw, 800px\" \/><\/div>\n\t\t\t\t\t<div class=\"wc-block-grid__product-title\">Dedal de goma flexible<\/div>\n\t\t\t\t<\/a>\n\t\t\t\t<div class=\"wc-block-grid__product-price price\"><span class=\"woocommerce-Price-amount amount\">1,50&nbsp;<span class=\"woocommerce-Price-currencySymbol\">&euro;<\/span><\/span><\/div>\n\t\t\t\t\n\t\t\t\t<div class=\"wp-block-button wc-block-grid__product-add-to-cart\"><a href=\"https:\/\/jardindepatchwork.com\/index.php\/producto\/dedal-de-goma-flexible\/\" aria-label=\"Elige las opciones para &ldquo;Dedal de goma flexible&rdquo;\" data-quantity=\"1\" data-product_id=\"349\" data-product_sku=\"\" data-price=\"1.5\" rel=\"nofollow\" class=\"wp-block-button__link  add_to_cart_button\">Seleccionar opciones<\/a><\/div>\n\t\t\t<\/li><li class=\"wc-block-grid__product\">\n\t\t\t\t<a href=\"https:\/\/jardindepatchwork.com\/index.php\/producto\/guata-de-algodon-y-poliester\/\" class=\"wc-block-grid__product-link\">\n\t\t\t\t\t\n\t\t\t\t\t<div class=\"wc-block-grid__product-image\"><img loading=\"lazy\" decoding=\"async\" width=\"800\" height=\"800\" src=\"https:\/\/jardindepatchwork.com\/wp-content\/uploads\/2025\/06\/Guata-para-Patchwork-Algodon-80-Tulipatch-800x800.jpg\" class=\"attachment-woocommerce_thumbnail size-woocommerce_thumbnail\" alt=\"Guata de Algod\u00f3n y Poli\u00e9ster, Tienda Jard\u00edn de Patchwork\" srcset=\"https:\/\/jardindepatchwork.com\/wp-content\/uploads\/2025\/06\/Guata-para-Patchwork-Algodon-80-Tulipatch-800x800.jpg 800w, https:\/\/jardindepatchwork.com\/wp-content\/uploads\/2025\/06\/Guata-para-Patchwork-Algodon-80-Tulipatch-500x500.jpg 500w, https:\/\/jardindepatchwork.com\/wp-content\/uploads\/2025\/06\/Guata-para-Patchwork-Algodon-80-Tulipatch-1200x1200.jpg 1200w, https:\/\/jardindepatchwork.com\/wp-content\/uploads\/2025\/06\/Guata-para-Patchwork-Algodon-80-Tulipatch-300x300.jpg 300w, https:\/\/jardindepatchwork.com\/wp-content\/uploads\/2025\/06\/Guata-para-Patchwork-Algodon-80-Tulipatch-768x768.jpg 768w, https:\/\/jardindepatchwork.com\/wp-content\/uploads\/2025\/06\/Guata-para-Patchwork-Algodon-80-Tulipatch-150x150.jpg 150w, https:\/\/jardindepatchwork.com\/wp-content\/uploads\/2025\/06\/Guata-para-Patchwork-Algodon-80-Tulipatch-75x75.jpg 75w, https:\/\/jardindepatchwork.com\/wp-content\/uploads\/2025\/06\/Guata-para-Patchwork-Algodon-80-Tulipatch-480x480.jpg 480w, https:\/\/jardindepatchwork.com\/wp-content\/uploads\/2025\/06\/Guata-para-Patchwork-Algodon-80-Tulipatch.jpg 1500w\" sizes=\"auto, (max-width:767px) 480px, (max-width:800px) 100vw, 800px\" \/><\/div>\n\t\t\t\t\t<div class=\"wc-block-grid__product-title\">Guata de Algod\u00f3n y Poli\u00e9ster<\/div>\n\t\t\t\t<\/a>\n\t\t\t\t<div class=\"wc-block-grid__product-price price\"><span class=\"woocommerce-Price-amount amount\">12,00&nbsp;<span class=\"woocommerce-Price-currencySymbol\">&euro;<\/span><\/span><\/div>\n\t\t\t\t\n\t\t\t\t<div class=\"wp-block-button wc-block-grid__product-add-to-cart\"><a href=\"\/index.php\/wp-json\/wp\/v2\/pages\/276?add-to-cart=345\" aria-label=\"A\u00f1adir al carrito: &ldquo;Guata de Algod\u00f3n y Poli\u00e9ster&rdquo;\" data-quantity=\"1\" data-product_id=\"345\" data-product_sku=\"marcus0012-1\" data-price=\"12\" rel=\"nofollow\" class=\"wp-block-button__link  add_to_cart_button ajax_add_to_cart\">A\u00f1adir al carrito<\/a><\/div>\n\t\t\t<\/li><li class=\"wc-block-grid__product\">\n\t\t\t\t<a href=\"https:\/\/jardindepatchwork.com\/index.php\/producto\/vichi-pequeno-verde-oscuro\/\" class=\"wc-block-grid__product-link\">\n\t\t\t\t\t\n\t\t\t\t\t<div class=\"wc-block-grid__product-image\"><img loading=\"lazy\" decoding=\"async\" width=\"800\" height=\"800\" src=\"https:\/\/jardindepatchwork.com\/wp-content\/uploads\/2025\/06\/IMG_7119-scaled-1-800x800.webp\" class=\"attachment-woocommerce_thumbnail size-woocommerce_thumbnail\" alt=\"Vichi peque\u00f1o \u2013 Verde oscuro, Jard\u00edn de Patchwork\" srcset=\"https:\/\/jardindepatchwork.com\/wp-content\/uploads\/2025\/06\/IMG_7119-scaled-1-800x800.webp 800w, https:\/\/jardindepatchwork.com\/wp-content\/uploads\/2025\/06\/IMG_7119-scaled-1-150x150.webp 150w, https:\/\/jardindepatchwork.com\/wp-content\/uploads\/2025\/06\/IMG_7119-scaled-1-300x300.webp 300w\" sizes=\"auto, (max-width:767px) 480px, (max-width:800px) 100vw, 800px\" \/><\/div>\n\t\t\t\t\t<div class=\"wc-block-grid__product-title\">Vichi peque\u00f1o \u2013 Verde oscuro<\/div>\n\t\t\t\t<\/a>\n\t\t\t\t<div class=\"wc-block-grid__product-price price\"><span class=\"woocommerce-Price-amount amount\">17,00&nbsp;<span class=\"woocommerce-Price-currencySymbol\">&euro;<\/span><\/span><\/div>\n\t\t\t\t\n\t\t\t\t<div class=\"wp-block-button wc-block-grid__product-add-to-cart\"><a href=\"\/index.php\/wp-json\/wp\/v2\/pages\/276?add-to-cart=342\" aria-label=\"A\u00f1adir al carrito: &ldquo;Vichi peque\u00f1o \u2013 Verde oscuro&rdquo;\" data-quantity=\"1\" data-product_id=\"342\" data-product_sku=\"marcus0012\" data-price=\"17\" rel=\"nofollow\" class=\"wp-block-button__link  add_to_cart_button ajax_add_to_cart\">A\u00f1adir al carrito<\/a><\/div>\n\t\t\t<\/li><\/ul><\/div><\/div>\n<\/div>\n","protected":false},"excerpt":{"rendered":"","protected":false},"author":1,"featured_media":0,"parent":0,"menu_order":0,"comment_status":"closed","ping_status":"closed","template":"","meta":{"om_disable_all_campaigns":false,"_monsterinsights_skip_tracking":false,"_monsterinsights_sitenote_active":false,"_monsterinsights_sitenote_note":"","_monsterinsights_sitenote_category":0,"footnotes":""},"class_list":["post-276","page","type-page","status-publish","hentry"],"aioseo_notices":[],"jetpack_sharing_enabled":true,"_links":{"self":[{"href":"https:\/\/jardindepatchwork.com\/index.php\/wp-json\/wp\/v2\/pages\/276","targetHints":{"allow":["GET"]}}],"collection":[{"href":"https:\/\/jardindepatchwork.com\/index.php\/wp-json\/wp\/v2\/pages"}],"about":[{"href":"https:\/\/jardindepatchwork.com\/index.php\/wp-json\/wp\/v2\/types\/page"}],"author":[{"embeddable":true,"href":"https:\/\/jardindepatchwork.com\/index.php\/wp-json\/wp\/v2\/users\/1"}],"replies":[{"embeddable":true,"href":"https:\/\/jardindepatchwork.com\/index.php\/wp-json\/wp\/v2\/comments?post=276"}],"version-history":[{"count":1,"href":"https:\/\/jardindepatchwork.com\/index.php\/wp-json\/wp\/v2\/pages\/276\/revisions"}],"predecessor-version":[{"id":348,"href":"https:\/\/jardindepatchwork.com\/index.php\/wp-json\/wp\/v2\/pages\/276\/revisions\/348"}],"wp:attachment":[{"href":"https:\/\/jardindepatchwork.com\/index.php\/wp-json\/wp\/v2\/media?parent=276"}],"curies":[{"name":"wp","href":"https:\/\/api.w.org\/{rel}","templated":true}]}}